{"id":220,"date":"2024-06-14T09:02:11","date_gmt":"2024-06-14T09:02:11","guid":{"rendered":"https:\/\/15rustfestguada.es\/?page_id=220"},"modified":"2024-06-21T06:29:43","modified_gmt":"2024-06-21T06:29:43","slug":"rust-cultural","status":"publish","type":"page","link":"https:\/\/15rustfestguada.es\/?page_id=220","title":{"rendered":""},"content":{"rendered":"\n<div class=\"wp-block-cover alignfull has-custom-content-position is-position-top-center wp-duotone-unset-1\" style=\"margin-top:0;padding-top:5vw;padding-right:5vw;padding-bottom:5vw;padding-left:5vw\"><span aria-hidden=\"true\" class=\"wp-block-cover__background has-background-dim-100 has-background-dim\" style=\"background-color:#36220c\"><\/span><div class=\"wp-block-cover__inner-container is-layout-flow wp-block-cover-is-layout-flow\">\n<div class=\"wp-block-group is-content-justification-space-between is-layout-flex wp-container-core-group-is-layout-495512eb wp-block-group-is-layout-flex\">\n<div class=\"wp-block-cover is-light wp-container-content-ceb7f5b3 wp-duotone-dark-grayscale\" style=\"padding-top:4vw;padding-right:4vw;padding-bottom:4vw;padding-left:4vw;min-height:75vh;aspect-ratio:unset;\"><span aria-hidden=\"true\" class=\"wp-block-cover__background has-background-dim\" style=\"background-color:#b6ab94\"><\/span><img loading=\"lazy\" decoding=\"async\" width=\"1900\" height=\"1495\" class=\"wp-block-cover__image-background wp-image-92\" alt=\"\" src=\"https:\/\/15rustfestguada.es\/wp-content\/uploads\/2024\/05\/ilustracion_Cartel-15RustFestGuada.png\" data-object-fit=\"cover\" srcset=\"https:\/\/15rustfestguada.es\/wp-content\/uploads\/2024\/05\/ilustracion_Cartel-15RustFestGuada.png 1900w, https:\/\/15rustfestguada.es\/wp-content\/uploads\/2024\/05\/ilustracion_Cartel-15RustFestGuada-300x236.png 300w, https:\/\/15rustfestguada.es\/wp-content\/uploads\/2024\/05\/ilustracion_Cartel-15RustFestGuada-1024x806.png 1024w, https:\/\/15rustfestguada.es\/wp-content\/uploads\/2024\/05\/ilustracion_Cartel-15RustFestGuada-768x604.png 768w, https:\/\/15rustfestguada.es\/wp-content\/uploads\/2024\/05\/ilustracion_Cartel-15RustFestGuada-1536x1209.png 1536w\" sizes=\"auto, (max-width: 1900px) 100vw, 1900px\" \/><div class=\"wp-block-cover__inner-container is-layout-flow wp-block-cover-is-layout-flow\">\n<div class=\"wp-block-group is-vertical is-content-justification-right is-nowrap is-layout-flex wp-container-core-group-is-layout-67854338 wp-block-group-is-layout-flex\">\n<p class=\"has-text-color\" style=\"color:#e5683a;font-size:clamp(65.143px, 4.071rem + ((1vw - 3.2px) * 6.931), 140px);font-style:normal;font-weight:800;letter-spacing:-6px;line-height:0.8;text-transform:uppercase\">Rust<\/p>\n\n\n\n<p class=\"has-text-color\" style=\"color:#e5683a;font-size:clamp(61.532px, 3.846rem + ((1vw - 3.2px) * 6.34), 130px);font-style:normal;font-weight:800;letter-spacing:-6px;line-height:0.8;text-transform:uppercase\">cultural<\/p>\n\n\n\n<p class=\"has-text-align-center has-text-color\" style=\"color:#d09c9c;font-size:clamp(46.18px, 2.886rem + ((1vw - 3.2px) * 4.057), 90px);font-style:normal;font-weight:800;letter-spacing:0px;line-height:1;text-transform:uppercase\">rutas<\/p>\n\n\n\n<h2 class=\"wp-block-heading has-text-align-center has-text-color\" style=\"color:#e59937;font-size:clamp(46.18px, 2.886rem + ((1vw - 3.2px) * 4.057), 90px);\">versos<\/h2>\n\n\n\n<h2 class=\"wp-block-heading has-text-align-center has-text-color\" style=\"color:#e59937;font-size:clamp(46.18px, 2.886rem + ((1vw - 3.2px) * 4.057), 90px);\">y voces<\/h2>\n\n\n\n<p class=\"has-text-align-center has-text-color\" style=\"color:#e59937;font-size:clamp(46.18px, 2.886rem + ((1vw - 3.2px) * 4.057), 90px);font-style:normal;font-weight:800;letter-spacing:0px;line-height:1;text-transform:uppercase\">en honor a neil young<\/p>\n<\/div>\n<\/div><\/div>\n\n\n\n<div class=\"wp-block-group wp-container-content-d387280b is-vertical is-nowrap is-layout-flex wp-container-core-group-is-layout-3cf04848 wp-block-group-is-layout-flex\">\n<h2 class=\"wp-block-heading\">sabado  5 julio 2024<\/h2>\n\n\n\n<h3 class=\"wp-block-heading has-text-align-right\">11h.<\/h3>\n\n\n\n<h3 class=\"wp-block-heading\"><strong>\u00abExplorando las Calles con Neil\u00bb<\/strong><\/h3>\n\n\n\n<p> La jornada comenzar\u00e1 con un recorrido tur\u00edstico por los lugares m\u00e1s emblem\u00e1ticos de la ciudad. <strong>Pedro Pradillo<\/strong>, experto en la historia y cultura local, llevar\u00e1 a los participantes a descubrir rincones con encanto, monumentos hist\u00f3ricos y plazas pintorescas.<\/p>\n\n\n\n<h3 class=\"wp-block-heading\">18,30h.<\/h3>\n\n\n\n<h3 class=\"wp-block-heading\"><strong><strong>\u00abDebate en el Bot\u00e1nico: Perspectivas sobre Neil Young\u00bb<\/strong><\/strong><\/h3>\n\n\n\n<p>En el majestuoso sal\u00f3n grande del Bot\u00e1nico (en el mismo parque de San Roque) se organizar\u00e1 una tertulia con la participaci\u00f3n de destacados periodistas y cr\u00edticos musicales, como <strong>Luis Lapuente<\/strong>,\u00a0<strong>Carlos P\u00e9rez de Ziriza<\/strong>\u00a0y\u00a0<strong>Alberto Cueto<\/strong> , adem\u00e1s de la presencia de <strong>Ramonc\u00edn<\/strong>. La tertulia girar\u00e1 en torno a la figura de Neil Young, su impacto en la m\u00fasica, su legado cultural y su influencia en la sociedad. Los panelistas compartir\u00e1n sus perspectivas y experiencias, ofreciendo un an\u00e1lisis profundo y diverso sobre la obra y la vida de Young. El p\u00fablico tendr\u00e1 la oportunidad de participar en el debate, formulando preguntas y aportando sus propias reflexiones.<\/p>\n\n\n\n<h3 class=\"wp-block-heading\">20,30h.<\/h3>\n\n\n\n<h3 class=\"wp-block-heading\"><strong>\u00abVersos y Acordes: Neil Young en Poes\u00eda y M\u00fasica\u00bb<\/strong><\/h3>\n\n\n\n<p>En el mismo lugar, despu\u00e9s del recital,, una reconocida poetisa, <strong>Marta Marco<\/strong>, recitar\u00e1 versos inspirados en las letras y la m\u00fasica de Neil Young, acompa\u00f1ada por el talentoso guitarrista<strong> Guillermo Chicharro<\/strong>, que interpretar\u00e1 melod\u00edas de sus canciones m\u00e1s emblem\u00e1ticas. Este evento busca crear una atm\u00f3sfera \u00edntima y reflexiva, donde la poes\u00eda y la m\u00fasica se entrelazan para rendir homenaje a la profundidad l\u00edrica y musical de Young. Los asistentes podr\u00e1n deleitarse con interpretaciones conmovedoras y experimentar una conexi\u00f3n m\u00e1s profunda con el arte de Neil Young.<\/p>\n\n\n\n<div class=\"wp-block-buttons is-content-justification-left is-nowrap is-layout-flex wp-container-core-buttons-is-layout-fc9f69e7 wp-block-buttons-is-layout-flex\">\n<div class=\"wp-block-button\"><a class=\"wp-block-button__link wp-element-button\" href=\"https:\/\/15rustfestguada.es\/?page_id=45\">CARTEL RUST FEST 2024<\/a><\/div>\n<\/div>\n\n\n\n<div style=\"height:0px\" aria-hidden=\"true\" class=\"wp-block-spacer wp-container-content-85b6a097\"><\/div>\n<\/div>\n<\/div>\n<\/div><\/div>\n\n\n\n<div class=\"wp-block-cover alignfull is-light wp-duotone-36345d-abaaaa-2\" style=\"margin-top:0;padding-top:5vw;padding-right:5vw;padding-bottom:5vw;padding-left:5vw\"><span aria-hidden=\"true\" class=\"wp-block-cover__background has-background-dim-60 has-background-dim\" style=\"background-color:#c2b7a4\"><\/span><img decoding=\"async\" class=\"wp-block-cover__image-background wp-image-334\" alt=\"\" src=\"https:\/\/pd.w.org\/2022\/01\/95161f850d22f0c06.37817431.jpg\" style=\"object-position:50% 5%\" data-object-fit=\"cover\" data-object-position=\"50% 5%\"\/><div class=\"wp-block-cover__inner-container is-layout-flow wp-block-cover-is-layout-flow\">\n<div style=\"height:48px\" aria-hidden=\"true\" class=\"wp-block-spacer\"><\/div>\n\n\n\n<div class=\"wp-block-group is-vertical is-content-justification-center is-nowrap is-layout-flex wp-container-core-group-is-layout-b77dfac5 wp-block-group-is-layout-flex\">\n<p class=\"has-text-align-right has-text-color\" style=\"color:#c8c4d3;font-size:clamp(67.975px, 4.248rem + ((1vw - 3.2px) * 7.41), 148px);font-style:normal;font-weight:300;letter-spacing:-4px;line-height:0.8;text-transform:uppercase\">neil<\/p>\n\n\n\n<p class=\"has-text-align-right has-text-color\" style=\"color:#ac94b2;font-size:clamp(67.975px, 4.248rem + ((1vw - 3.2px) * 7.41), 148px);font-style:normal;font-weight:300;letter-spacing:-4px;line-height:0.8;text-transform:uppercase\">young<\/p>\n\n\n\n<p class=\"has-text-align-right has-text-color\" style=\"color:#71689c;font-size:clamp(67.975px, 4.248rem + ((1vw - 3.2px) * 7.41), 148px);font-style:normal;font-weight:300;letter-spacing:-4px;line-height:0.8;text-transform:uppercase\">r&amp;R<\/p>\n\n\n\n<p class=\"has-text-align-right has-text-color\" style=\"color:#444178;font-size:clamp(67.975px, 4.248rem + ((1vw - 3.2px) * 7.41), 148px);font-style:normal;font-weight:300;letter-spacing:-4px;line-height:0.8;text-transform:uppercase\">rust<\/p>\n<\/div>\n\n\n\n<div style=\"height:48px\" aria-hidden=\"true\" class=\"wp-block-spacer\"><\/div>\n<\/div><\/div>\n","protected":false},"excerpt":{"rendered":"","protected":false},"author":1,"featured_media":0,"parent":0,"menu_order":0,"comment_status":"closed","ping_status":"closed","template":"","meta":{"footnotes":""},"class_list":["post-220","page","type-page","status-publish","hentry"],"_links":{"self":[{"href":"https:\/\/15rustfestguada.es\/index.php?rest_route=\/wp\/v2\/pages\/220","targetHints":{"allow":["GET"]}}],"collection":[{"href":"https:\/\/15rustfestguada.es\/index.php?rest_route=\/wp\/v2\/pages"}],"about":[{"href":"https:\/\/15rustfestguada.es\/index.php?rest_route=\/wp\/v2\/types\/page"}],"author":[{"embeddable":true,"href":"https:\/\/15rustfestguada.es\/index.php?rest_route=\/wp\/v2\/users\/1"}],"replies":[{"embeddable":true,"href":"https:\/\/15rustfestguada.es\/index.php?rest_route=%2Fwp%2Fv2%2Fcomments&post=220"}],"version-history":[{"count":3,"href":"https:\/\/15rustfestguada.es\/index.php?rest_route=\/wp\/v2\/pages\/220\/revisions"}],"predecessor-version":[{"id":229,"href":"https:\/\/15rustfestguada.es\/index.php?rest_route=\/wp\/v2\/pages\/220\/revisions\/229"}],"wp:attachment":[{"href":"https:\/\/15rustfestguada.es\/index.php?rest_route=%2Fwp%2Fv2%2Fmedia&parent=220"}],"curies":[{"name":"wp","href":"https:\/\/api.w.org\/{rel}","templated":true}]}}