{"id":45,"date":"2024-02-16T11:42:37","date_gmt":"2024-02-16T11:42:37","guid":{"rendered":"https:\/\/15rustfestguada.es\/?page_id=45"},"modified":"2024-06-14T09:23:45","modified_gmt":"2024-06-14T09:23:45","slug":"rust-fest-2024-2","status":"publish","type":"page","link":"https:\/\/15rustfestguada.es\/?page_id=45","title":{"rendered":""},"content":{"rendered":"\n<div class=\"wp-block-columns is-layout-flex wp-container-core-columns-is-layout-28f84493 wp-block-columns-is-layout-flex\">\n<div class=\"wp-block-column is-layout-flow wp-block-column-is-layout-flow\">\n<p class=\"has-heading-font-family has-medium-font-size\" style=\"line-height:1.6\">Despu\u00e9s de 14 ediciones por diferentes ciudades y lugares de nuestra geograf\u00eda, el <strong>XV Rust Fest<\/strong> recae en <strong>Guadalajara<\/strong>, organizado por la <strong>Asociaci\u00f3n cultural FPM<\/strong> ( Panor\u00e1mico Musical ) y el m\u00edtico blog <a href=\"http:\/\/www.enlaplayadeneil.net\" data-type=\"link\" data-id=\"www.enlaplayadeneil.net\"><strong>EnlaPlayadeNeil<\/strong><\/a><\/p>\n\n\n\n<p>Este a\u00f1o hemos preparado unos exquisitos conciertos en torno a la m\u00fasica de Neil, charlas y conferencias sobre su figura e influencia musical. Y pensando en los rusties de fuera, una visita tur\u00edstica por la ciudad de Guadalajara.<\/p>\n<\/div>\n\n\n\n<div class=\"wp-block-column is-layout-flow wp-block-column-is-layout-flow\">\n<figure data-wp-context=\"{&quot;imageId&quot;:&quot;69f44f5ae0f32&quot;}\" data-wp-interactive=\"core\/image\" data-wp-key=\"69f44f5ae0f32\" class=\"wp-block-image alignright size-full has-custom-border is-style-rounded wp-duotone-purple-yellow wp-lightbox-container\"><img loading=\"lazy\" decoding=\"async\" width=\"952\" height=\"1588\" data-wp-class--hide=\"state.isContentHidden\" data-wp-class--show=\"state.isContentVisible\" data-wp-init=\"callbacks.setButtonStyles\" data-wp-on--click=\"actions.showLightbox\" data-wp-on--load=\"callbacks.setButtonStyles\" data-wp-on-window--resize=\"callbacks.setButtonStyles\" src=\"https:\/\/15rustfestguada.es\/wp-content\/uploads\/2024\/02\/Ny-ottawa-jul-2006.jpg\" alt=\"\" class=\"wp-image-62\" style=\"border-style:none;border-width:0px;border-radius:26px\" srcset=\"https:\/\/15rustfestguada.es\/wp-content\/uploads\/2024\/02\/Ny-ottawa-jul-2006.jpg 952w, https:\/\/15rustfestguada.es\/wp-content\/uploads\/2024\/02\/Ny-ottawa-jul-2006-180x300.jpg 180w, https:\/\/15rustfestguada.es\/wp-content\/uploads\/2024\/02\/Ny-ottawa-jul-2006-614x1024.jpg 614w, https:\/\/15rustfestguada.es\/wp-content\/uploads\/2024\/02\/Ny-ottawa-jul-2006-768x1281.jpg 768w, https:\/\/15rustfestguada.es\/wp-content\/uploads\/2024\/02\/Ny-ottawa-jul-2006-921x1536.jpg 921w\" sizes=\"auto, (max-width: 952px) 100vw, 952px\" \/><button\n\t\t\tclass=\"lightbox-trigger\"\n\t\t\ttype=\"button\"\n\t\t\taria-haspopup=\"dialog\"\n\t\t\taria-label=\"Agrandar\"\n\t\t\tdata-wp-init=\"callbacks.initTriggerButton\"\n\t\t\tdata-wp-on--click=\"actions.showLightbox\"\n\t\t\tdata-wp-style--right=\"state.imageButtonRight\"\n\t\t\tdata-wp-style--top=\"state.imageButtonTop\"\n\t\t>\n\t\t\t<svg xmlns=\"http:\/\/www.w3.org\/2000\/svg\" width=\"12\" height=\"12\" fill=\"none\" viewBox=\"0 0 12 12\">\n\t\t\t\t<path fill=\"#fff\" d=\"M2 0a2 2 0 0 0-2 2v2h1.5V2a.5.5 0 0 1 .5-.5h2V0H2Zm2 10.5H2a.5.5 0 0 1-.5-.5V8H0v2a2 2 0 0 0 2 2h2v-1.5ZM8 12v-1.5h2a.5.5 0 0 0 .5-.5V8H12v2a2 2 0 0 1-2 2H8Zm2-12a2 2 0 0 1 2 2v2h-1.5V2a.5.5 0 0 0-.5-.5H8V0h2Z\" \/>\n\t\t\t<\/svg>\n\t\t<\/button><\/figure>\n<\/div>\n<\/div>\n\n\n\n<div class=\"wp-block-buttons is-content-justification-center is-layout-flex wp-container-core-buttons-is-layout-a89b3969 wp-block-buttons-is-layout-flex\">\n<div class=\"wp-block-button\"><a class=\"wp-block-button__link wp-element-button\" href=\"http:\/\/15rustfestguada.es\/?page_id=220\">Rust Cultural<\/a><\/div>\n<\/div>\n\n\n\n<figure class=\"wp-block-pullquote has-background-color has-secondary-background-color has-text-color has-background has-link-color has-medium-font-size wp-elements-3be3e6aa6a7b1cc5a5eba49ebc708ef4\"><blockquote><p><em>Queremos dejar una huella indeleble<\/em><\/p><cite>en el paisaje \u00abrustie\u00bb espa\u00f1ol.<\/cite><\/blockquote><\/figure>\n\n\n\n<div class=\"wp-block-group alignfull has-base-background-color has-background has-global-padding is-layout-constrained wp-container-core-group-is-layout-d89aad35 wp-block-group-is-layout-constrained\" style=\"margin-top:0;margin-bottom:0;padding-top:var(--wp--preset--spacing--50);padding-right:var(--wp--preset--spacing--50);padding-bottom:var(--wp--preset--spacing--50);padding-left:var(--wp--preset--spacing--50)\">\n<div class=\"wp-block-buttons is-content-justification-center is-layout-flex wp-container-core-buttons-is-layout-a89b3969 wp-block-buttons-is-layout-flex\">\n<div class=\"wp-block-button\"><a class=\"wp-block-button__link wp-element-button\" href=\"http:\/\/15rustfestguada.es\/?page_id=193\">Camisetas y Merchandesing<\/a><\/div>\n<\/div>\n\n\n\n<div class=\"wp-block-buttons is-content-justification-center is-layout-flex wp-container-core-buttons-is-layout-a89b3969 wp-block-buttons-is-layout-flex\"><\/div>\n<\/div>\n\n\n\n<h2 class=\"wp-block-heading alignwide has-text-align-center\">\u00bfD\u00d3NDE SER\u00c1 EL RUST FEST?<\/h2>\n\n\n\n<div class=\"wp-block-columns is-layout-flex wp-container-core-columns-is-layout-28f84493 wp-block-columns-is-layout-flex\">\n<div class=\"wp-block-column is-layout-flow wp-block-column-is-layout-flow\">\n<p class=\"has-text-align-center\"><strong>PARQUE DE SAN ROQUE<\/strong><\/p>\n\n\n\n<p class=\"has-text-align-center\">Entre la <strong>ermita<\/strong> y la emblem\u00e1tica terraza del <strong>Quiosco de San Roque<\/strong>, en uno de los pulmones del centro de Guadalajara, el parque de \u00ablos patos\u00bb o San Roque.<\/p>\n<\/div>\n\n\n\n<div class=\"wp-block-column is-layout-flow wp-block-column-is-layout-flow\">\n<figure class=\"wp-block-image aligncenter size-full\"><img loading=\"lazy\" decoding=\"async\" width=\"210\" height=\"210\" src=\"https:\/\/15rustfestguada.es\/wp-content\/uploads\/2024\/05\/logo_sanroque_normal210px.png\" alt=\"\" class=\"wp-image-118\" srcset=\"https:\/\/15rustfestguada.es\/wp-content\/uploads\/2024\/05\/logo_sanroque_normal210px.png 210w, https:\/\/15rustfestguada.es\/wp-content\/uploads\/2024\/05\/logo_sanroque_normal210px-150x150.png 150w\" sizes=\"auto, (max-width: 210px) 100vw, 210px\" \/><\/figure>\n<\/div>\n<\/div>\n\n\n\n<figure class=\"wp-block-image aligncenter size-full has-custom-border is-style-rounded\"><img loading=\"lazy\" decoding=\"async\" width=\"900\" height=\"600\" src=\"https:\/\/15rustfestguada.es\/wp-content\/uploads\/2024\/05\/galeria_exterior8.jpg\" alt=\"\" class=\"wp-image-100\" style=\"border-style:none;border-width:0px;border-radius:75px\" srcset=\"https:\/\/15rustfestguada.es\/wp-content\/uploads\/2024\/05\/galeria_exterior8.jpg 900w, https:\/\/15rustfestguada.es\/wp-content\/uploads\/2024\/05\/galeria_exterior8-300x200.jpg 300w, https:\/\/15rustfestguada.es\/wp-content\/uploads\/2024\/05\/galeria_exterior8-768x512.jpg 768w\" sizes=\"auto, (max-width: 900px) 100vw, 900px\" \/><figcaption class=\"wp-element-caption\">Terraza del Quiosco de San Roque<\/figcaption><\/figure>\n\n\n\n<div class=\"wp-block-group alignfull has-accent-5-background-color has-background has-global-padding is-layout-constrained wp-container-core-group-is-layout-d89aad35 wp-block-group-is-layout-constrained\" style=\"margin-top:0;margin-bottom:0;padding-top:var(--wp--preset--spacing--50);padding-right:var(--wp--preset--spacing--50);padding-bottom:var(--wp--preset--spacing--50);padding-left:var(--wp--preset--spacing--50)\">\n<h2 class=\"wp-block-heading has-text-align-center\">Si eres de fuera y necesitas hotel:<\/h2>\n\n\n\n<p class=\"has-text-align-center\">Consulta las ofertas que nos hace el c\u00e9ntrico <strong>Hotel Espa\u00f1a<\/strong>, comentando al reservar que es para el <strong>RustFest2024<\/strong><\/p>\n\n\n\n<p class=\"has-text-align-center\"><a href=\"mailto:info@hotelespanaguadalajara.es\">info@hotelespanaguadalajara.es<\/a>  \/  949 211 303<\/p>\n\n\n\n<div class=\"wp-block-buttons is-content-justification-center is-layout-flex wp-container-core-buttons-is-layout-a89b3969 wp-block-buttons-is-layout-flex\">\n<div class=\"wp-block-button\"><a class=\"wp-block-button__link wp-element-button\" href=\"http:\/\/hotelespanaguadalajara.es\/\" target=\"_blank\" rel=\"noreferrer noopener\">Hotel Espa\u00f1a (Guadalajara)<\/a><\/div>\n<\/div>\n\n\n\n<div class=\"wp-block-columns alignwide is-layout-flex wp-container-core-columns-is-layout-1da03c2a wp-block-columns-is-layout-flex\">\n<div class=\"wp-block-column is-vertically-aligned-center is-layout-flow wp-block-column-is-layout-flow\" style=\"flex-basis:60%\">\n<figure class=\"wp-block-image aligncenter size-full is-resized is-style-rounded wp-duotone-unset-1\"><img loading=\"lazy\" decoding=\"async\" width=\"1130\" height=\"900\" src=\"https:\/\/15rustfestguada.es\/wp-content\/uploads\/2024\/05\/hotelEspana.jpg\" alt=\"\" class=\"wp-image-102\" style=\"aspect-ratio:1.3333333333333333;object-fit:cover;width:549px;height:auto\" srcset=\"https:\/\/15rustfestguada.es\/wp-content\/uploads\/2024\/05\/hotelEspana.jpg 1130w, https:\/\/15rustfestguada.es\/wp-content\/uploads\/2024\/05\/hotelEspana-300x239.jpg 300w, https:\/\/15rustfestguada.es\/wp-content\/uploads\/2024\/05\/hotelEspana-1024x816.jpg 1024w, https:\/\/15rustfestguada.es\/wp-content\/uploads\/2024\/05\/hotelEspana-768x612.jpg 768w\" sizes=\"auto, (max-width: 1130px) 100vw, 1130px\" \/><\/figure>\n<\/div>\n\n\n\n<div class=\"wp-block-column is-vertically-aligned-center is-layout-flow wp-block-column-is-layout-flow\" style=\"flex-basis:40%\">\n<figure class=\"wp-block-table aligncenter\"><table><tbody><tr><td class=\"has-text-align-center\" data-align=\"center\">INDIVIDUAL<\/td><td class=\"has-text-align-center\" data-align=\"center\">Sin desayuno<\/td><td class=\"has-text-align-center\" data-align=\"center\">40 \u20ac<\/td><\/tr><tr><td class=\"has-text-align-center\" data-align=\"center\">INDIVIDUAL<\/td><td class=\"has-text-align-center\" data-align=\"center\">Con desayuno<\/td><td class=\"has-text-align-center\" data-align=\"center\">45 \u20ac<\/td><\/tr><tr><td class=\"has-text-align-center\" data-align=\"center\">DOBLE<\/td><td class=\"has-text-align-center\" data-align=\"center\">Sin desayuno<\/td><td class=\"has-text-align-center\" data-align=\"center\">50 \u20ac<\/td><\/tr><tr><td class=\"has-text-align-center\" data-align=\"center\">DOBLE<\/td><td class=\"has-text-align-center\" data-align=\"center\">Con desayuno<\/td><td class=\"has-text-align-center\" data-align=\"center\">60 \u20ac<\/td><\/tr><tr><td class=\"has-text-align-center\" data-align=\"center\">TRIPLE<\/td><td class=\"has-text-align-center\" data-align=\"center\">Sin desayuno<\/td><td class=\"has-text-align-center\" data-align=\"center\">55 \u20ac<\/td><\/tr><tr><td class=\"has-text-align-center\" data-align=\"center\">TRIPLE<\/td><td class=\"has-text-align-center\" data-align=\"center\">Con desayuno<\/td><td class=\"has-text-align-center\" data-align=\"center\">65 \u20ac<\/td><\/tr><\/tbody><\/table><\/figure>\n<\/div>\n<\/div>\n<\/div>\n\n\n\n<div class=\"wp-block-columns alignwide are-vertically-aligned-center is-layout-flex wp-container-core-columns-is-layout-47c06fe3 wp-block-columns-is-layout-flex\">\n<div class=\"wp-block-column is-vertically-aligned-center is-layout-flow wp-block-column-is-layout-flow\" style=\"flex-basis:50%\">\n<h2 class=\"wp-block-heading\">laplayadeneil.net,  un viaje por el universo de neil young<\/h2>\n\n\n\n<ul style=\"line-height:1.75\" class=\"is-style-checkmark-list wp-block-list\">\n<li>Noticias, videos, canciones, letras y curiosidades,&#8230;<\/li>\n<\/ul>\n\n\n\n<div class=\"wp-block-buttons is-content-justification-center is-layout-flex wp-container-core-buttons-is-layout-a89b3969 wp-block-buttons-is-layout-flex\">\n<div class=\"wp-block-button\"><a class=\"wp-block-button__link has-text-align-center wp-element-button\" href=\"http:\/\/www.enlaplayadeneil.net\" target=\"_blank\" rel=\"noreferrer noopener\">visitar enlaplayadeneil.net<\/a><\/div>\n<\/div>\n<\/div>\n\n\n\n<div class=\"wp-block-column is-vertically-aligned-center is-layout-flow wp-block-column-is-layout-flow\" style=\"flex-basis:50%\">\n<figure class=\"wp-block-image aligncenter size-large wp-duotone-unset-2\"><img loading=\"lazy\" decoding=\"async\" width=\"1024\" height=\"322\" src=\"https:\/\/15rustfestguada.es\/wp-content\/uploads\/2024\/05\/LOGO_PLAYADENEIL-1024x322.png\" alt=\"\" class=\"wp-image-129\" srcset=\"https:\/\/15rustfestguada.es\/wp-content\/uploads\/2024\/05\/LOGO_PLAYADENEIL-1024x322.png 1024w, https:\/\/15rustfestguada.es\/wp-content\/uploads\/2024\/05\/LOGO_PLAYADENEIL-300x94.png 300w, https:\/\/15rustfestguada.es\/wp-content\/uploads\/2024\/05\/LOGO_PLAYADENEIL-768x241.png 768w, https:\/\/15rustfestguada.es\/wp-content\/uploads\/2024\/05\/LOGO_PLAYADENEIL.png 1073w\" sizes=\"auto, (max-width: 1024px) 100vw, 1024px\" \/><\/figure>\n<\/div>\n<\/div>\n\n\n\n<div class=\"wp-block-group alignfull has-base-color has-contrast-background-color has-text-color has-background has-link-color wp-elements-593250814f295be360c52f7b3e71e9bb has-global-padding is-layout-constrained wp-container-core-group-is-layout-d89aad35 wp-block-group-is-layout-constrained\" style=\"margin-top:0;margin-bottom:0;padding-top:var(--wp--preset--spacing--50);padding-right:var(--wp--preset--spacing--50);padding-bottom:var(--wp--preset--spacing--50);padding-left:var(--wp--preset--spacing--50)\">\n<h2 class=\"wp-block-heading alignwide has-text-align-center\">Dudas o FAQS<\/h2>\n\n\n\n<div class=\"wp-block-group alignwide is-layout-flow wp-block-group-is-layout-flow\">\n<hr class=\"wp-block-separator has-text-color has-base-color has-alpha-channel-opacity has-base-background-color has-background is-style-wide\"\/>\n\n\n\n<details class=\"wp-block-details is-style-arrow-icon-details has-medium-font-size is-layout-flow wp-block-details-is-layout-flow\" style=\"border-top-style:none;border-top-width:0px;border-right-style:none;border-right-width:0px;border-bottom-color:var(--wp--preset--color--base);border-bottom-style:solid;border-bottom-width:1px;border-left-style:none;border-left-width:0px;margin-top:0\"><summary>\u00bfQue es Rust Fest?<\/summary>\n<p class=\"has-contrast-1-color has-text-color has-link-color wp-elements-ec87a10740b5394e9be75496bf07be9a\">El&nbsp;<strong>Rust Fest<\/strong>&nbsp;es una iniciativa promovida desde el blog&nbsp;<a href=\"http:\/\/enlaplayadeneil.net\/\">En la Playa de Neil<\/a>. Es el referente en la red de los aficionados y seguidores espa\u00f1oles de uno de los iconos y leyendas de la Historia viva del Rock and Roll, el canadiense&nbsp;<strong>Neil Young<\/strong>, cuya carrera musical es internacionalmente reconocida como una de la m\u00e1s brillante e influyentes en todas las generaciones post rock. La propuesta del Rust Fest cuenta en su trayectoria con catorce ediciones previas en lugares especiales y m\u00e1gicos donde se potenci\u00f3 sobre todo la amistad al amparo del amor por su m\u00fasica, con una serie de bandas o solistas que le rinden tributo unido a la promoci\u00f3n de la localidad donde se celebra.<\/p>\n<\/details>\n\n\n\n<details class=\"wp-block-details is-style-arrow-icon-details has-medium-font-size is-layout-flow wp-block-details-is-layout-flow\" style=\"border-top-style:none;border-top-width:0px;border-right-style:none;border-right-width:0px;border-bottom-color:var(--wp--preset--color--base);border-bottom-style:solid;border-bottom-width:1px;border-left-style:none;border-left-width:0px;margin-top:0\"><summary>\u00bfQui\u00e9n organiza los Rust Fest?<\/summary>\n<p class=\"has-contrast-1-color has-text-color has-link-color wp-elements-04a37f94cbcd665b0164f0c558067fd3\">Este es un evento organizado por los fans de Neil Young de Espa\u00f1a en torno al blog En la Playa de Neil y nuestro grupo de Facebook con m\u00e1s de 1200 miembros. En todas las ediciones, Ayuntamientos y asociaciones culturales de los respectivos lugares apoyaron la iniciativa ya que tiene una amplia difusi\u00f3n en las revistas musicales, radios, en las redes sociales y en los blogs dedicados a la m\u00fasica de rock cl\u00e1sica y de calidad. Tanto el blog como el festival son proyectos sin \u00e1nimo de lucro que se autofinancian desde el propio festival.<\/p>\n<\/details>\n\n\n\n<details class=\"wp-block-details is-style-arrow-icon-details has-medium-font-size is-layout-flow wp-block-details-is-layout-flow\" style=\"border-top-style:none;border-top-width:0px;border-right-style:none;border-right-width:0px;border-bottom-color:var(--wp--preset--color--base);border-bottom-style:solid;border-bottom-width:1px;border-left-style:none;border-left-width:0px;margin-top:0\"><summary>Antiguas ediciones<\/summary>\n<p class=\"has-contrast-1-color has-text-color has-link-color wp-elements-cb2712ae617397f22ffa1995e3d36dda\">El&nbsp;<strong>Rust Fest<\/strong>&nbsp;se lleva celebrando 14 ediciones anuales consecutivas, enfrent\u00e1ndonos en este&nbsp;<strong>2024<\/strong>&nbsp;a su&nbsp;<strong>d\u00e9cimo quinta edici\u00f3n<\/strong>. El festival comenz\u00f3 en 2010 en Valdovi\u00f1o (A Coru\u00f1a) y ha pasado por Tarifa (C\u00e1diz), Torredembarra (Tarragona), Fr\u00edas (Burgos), Xunqueira de Amb\u00eda (Ourense), Rivas Vaciamadrid (Madrid), Tarifa (C\u00e1diz) durante dos a\u00f1os seguidos, Gand\u00eda (Valencia), Valdovi\u00f1o (A Coru\u00f1a) una vez m\u00e1s, Es Capdell\u00e0 (Mallorca), Azpeitia (Guip\u00fazcoa) y Sagunto (Valencia). La decimocuarta edici\u00f3n se realiz\u00f3 el pasado julio en Marbella<\/p>\n<\/details>\n\n\n\n<details class=\"wp-block-details is-style-arrow-icon-details has-medium-font-size is-layout-flow wp-block-details-is-layout-flow\" style=\"border-top-style:none;border-top-width:0px;border-right-style:none;border-right-width:0px;border-bottom-color:var(--wp--preset--color--base);border-bottom-style:solid;border-bottom-width:1px;border-left-style:none;border-left-width:0px;margin-top:0\"><summary>\u00bfPorqu\u00e9 Guadalajara en esta 15 edici\u00f3n?<\/summary>\n<p class=\"has-contrast-1-color has-text-color has-link-color wp-elements-5476ea395e3f2f6bcf54eede4db8ff39\">La experiencia de las distintas ediciones celebradas hasta el momento, constatan lo anteriormente escrito: se crearon y establecieron relaciones personales que hasta entonces se hab\u00edan mantenido a trav\u00e9s de Internet, se disfrut\u00f3 del clima y de la acogida de las localidades, se habitaron casas rurales, hostales, camping, etc, por parte de todos los rusties (apelativo que identifica a los seguidores de Neil Young en todo el mundo). El festival nunca ha pasado por la provincia de Guadalajara, su capital es una ciudad habituada a acoger este tipo de eventos y cuenta con unas infraestructuras, transporte y servicios que permitir\u00edan a los asistentes poder disfrutar de tres d\u00edas en la ciudad. El casco de Guadalajara, sus parques y su municipio es ideal para desarrollar el evento, puesto que cuenta con zonas que ofrecen lo mejor para que los asistentes disfruten en pleno verano de sus jardines, parques, restaurantes, etc. Adem\u00e1s, cuenta con todo lo necesario para celebrar los conciertos y albergar exposiciones, charlas, etc.<\/p>\n<\/details>\n\n\n\n<div style=\"margin-top:var(--wp--preset--spacing--10);margin-bottom:0;height:var(--wp--preset--spacing--10)\" aria-hidden=\"true\" class=\"wp-block-spacer\"><\/div>\n<\/div>\n<\/div>\n\n\n","protected":false},"excerpt":{"rendered":"<p>Despu\u00e9s de 14 ediciones por diferentes ciudades y lugares de nuestra geograf\u00eda, el XV Rust Fest recae en Guadalajara, organizado por la Asociaci\u00f3n cultural FPM ( Panor\u00e1mico Musical ) y el m\u00edtico blog EnlaPlayadeNeil Este a\u00f1o hemos preparado unos exquisitos conciertos en torno a la m\u00fasica de Neil, charlas y conferencias sobre su figura e [&hellip;]<\/p>\n","protected":false},"author":1,"featured_media":171,"parent":0,"menu_order":0,"comment_status":"closed","ping_status":"closed","template":"","meta":{"footnotes":""},"class_list":["post-45","page","type-page","status-publish","has-post-thumbnail","hentry"],"_links":{"self":[{"href":"https:\/\/15rustfestguada.es\/index.php?rest_route=\/wp\/v2\/pages\/45","targetHints":{"allow":["GET"]}}],"collection":[{"href":"https:\/\/15rustfestguada.es\/index.php?rest_route=\/wp\/v2\/pages"}],"about":[{"href":"https:\/\/15rustfestguada.es\/index.php?rest_route=\/wp\/v2\/types\/page"}],"author":[{"embeddable":true,"href":"https:\/\/15rustfestguada.es\/index.php?rest_route=\/wp\/v2\/users\/1"}],"replies":[{"embeddable":true,"href":"https:\/\/15rustfestguada.es\/index.php?rest_route=%2Fwp%2Fv2%2Fcomments&post=45"}],"version-history":[{"count":43,"href":"https:\/\/15rustfestguada.es\/index.php?rest_route=\/wp\/v2\/pages\/45\/revisions"}],"predecessor-version":[{"id":228,"href":"https:\/\/15rustfestguada.es\/index.php?rest_route=\/wp\/v2\/pages\/45\/revisions\/228"}],"wp:featuredmedia":[{"embeddable":true,"href":"https:\/\/15rustfestguada.es\/index.php?rest_route=\/wp\/v2\/media\/171"}],"wp:attachment":[{"href":"https:\/\/15rustfestguada.es\/index.php?rest_route=%2Fwp%2Fv2%2Fmedia&parent=45"}],"curies":[{"name":"wp","href":"https:\/\/api.w.org\/{rel}","templated":true}]}}