{"id":50,"date":"2024-02-16T12:04:31","date_gmt":"2024-02-16T12:04:31","guid":{"rendered":"https:\/\/15rustfestguada.es\/?page_id=50"},"modified":"2024-06-07T22:24:26","modified_gmt":"2024-06-07T22:24:26","slug":"historia","status":"publish","type":"page","link":"https:\/\/15rustfestguada.es\/?page_id=50","title":{"rendered":"Historia"},"content":{"rendered":"\n<p>El&nbsp;<strong>Rust Fest<\/strong>&nbsp;es una iniciativa promovida desde el blog&nbsp;<a href=\"http:\/\/enlaplayadeneil.net\/\">En la Playa de Neil<\/a>. Es el referente en la red de los aficionados y seguidores espa\u00f1oles de uno de los iconos y leyendas de la Historia viva del Rock and Roll, el canadiense&nbsp;<strong>Neil Young<\/strong>, cuya carrera musical es internacionalmente reconocida como una de la m\u00e1s brillante e influyentes en todas las generaciones post rock. La propuesta del Rust Fest cuenta en su trayectoria con catorce ediciones previas en lugares especiales y m\u00e1gicos donde se potenci\u00f3 sobre todo la amistad al amparo del amor por su m\u00fasica, con una serie de bandas o solistas que le rinden tributo, unido a la promoci\u00f3n de la localidad donde se celebra.<\/p>\n\n\n\n<h4 class=\"wp-block-heading has-text-align-center\">grupos que han pasado por rust fest<\/h4>\n\n\n\n<figure class=\"wp-block-image size-large\"><img loading=\"lazy\" decoding=\"async\" width=\"744\" height=\"1024\" src=\"https:\/\/15rustfestguada.es\/wp-content\/uploads\/2024\/02\/grupos_RustFest-744x1024.png\" alt=\"\" class=\"wp-image-77\" srcset=\"https:\/\/15rustfestguada.es\/wp-content\/uploads\/2024\/02\/grupos_RustFest-744x1024.png 744w, https:\/\/15rustfestguada.es\/wp-content\/uploads\/2024\/02\/grupos_RustFest-218x300.png 218w, https:\/\/15rustfestguada.es\/wp-content\/uploads\/2024\/02\/grupos_RustFest-768x1058.png 768w, https:\/\/15rustfestguada.es\/wp-content\/uploads\/2024\/02\/grupos_RustFest-1115x1536.png 1115w, https:\/\/15rustfestguada.es\/wp-content\/uploads\/2024\/02\/grupos_RustFest-1487x2048.png 1487w\" sizes=\"auto, (max-width: 744px) 100vw, 744px\" \/><\/figure>\n\n\n\n<h3 class=\"wp-block-heading has-text-align-center\">\u00bfQui\u00e9n lo organiza?<\/h3>\n\n\n\n<p>Este es un evento organizado por los fans de Neil Young de Espa\u00f1a en torno al blog En la Playa de Neil y nuestro grupo de Facebook con m\u00e1s de 1200 miembros. En todas las ediciones, Ayuntamientos y asociaciones culturales de los respectivos lugares apoyaron la iniciativa ya que tiene una amplia difusi\u00f3n en las revistas musicales, radios, en las redes sociales y en los blogs dedicados a la m\u00fasica de rock cl\u00e1sica y de calidad. Tanto el blog como el festival son proyectos sin \u00e1nimo de lucro que se autofinancian desde el propio festival.<\/p>\n\n\n\n<h3 class=\"wp-block-heading has-text-align-center\">Antiguas ediciones<\/h3>\n\n\n\n<p>El&nbsp;<strong>Rust Fest<\/strong>&nbsp;se lleva celebrando 14 ediciones anuales consecutivas, enfrent\u00e1ndonos en este&nbsp;<strong>2024<\/strong>&nbsp;a su&nbsp;<strong>d\u00e9cimoquinta edici\u00f3n<\/strong>. El festival comenz\u00f3 en 2010 en Valdovi\u00f1o (A Coru\u00f1a) y ha pasado por Tarifa (C\u00e1diz), Torredembarra (Tarragona), Fr\u00edas (Burgos), Xunqueira de Amb\u00eda (Ourense), Rivas Vaciamadrid (Madrid), Tarifa (C\u00e1diz) durante dos a\u00f1os seguidos, Gand\u00eda (Valencia), Valdovi\u00f1o (A Coru\u00f1a) una vez m\u00e1s, Es Capdell\u00e0 (Mallorca), Azpeitia (Guip\u00fazcoa) y Sagunto (Valencia). La decimocuarta edici\u00f3n se realiz\u00f3 el pasado julio en Marbella (M\u00e1laga).<\/p>\n\n\n\n<h3 class=\"wp-block-heading has-text-align-center\">XV edici\u00f3n : \u00bfPorqu\u00e9 Guadalajara?<\/h3>\n\n\n\n<p>La experiencia de las distintas ediciones celebradas hasta el momento, constatan lo anteriormente escrito: se crearon y establecieron relaciones personales que hasta entonces se hab\u00edan mantenido a trav\u00e9s de Internet, se disfrut\u00f3 del clima y de la acogida de las localidades, se habitaron casas rurales, hostales, camping, etc, por parte de todos los rusties (apelativo que identifica a los seguidores de Neil Young en todo el mundo). El festival nunca ha pasado por la provincia de Guadalajara, su capital es una ciudad habituada a acoger este tipo de eventos y cuenta con unas infraestructuras, transporte y servicios que permitir\u00edan a los asistentes poder disfrutar de tres d\u00edas en la ciudad. El casco de Guadalajara, sus parques y su municipio es ideal para desarrollar el evento, puesto que cuenta con zonas que ofrecen lo mejor para que los asistentes disfruten en pleno verano de sus jardines, parques, restaurantes, etc. Adem\u00e1s, cuenta con todo lo necesario para celebrar los conciertos y albergar exposiciones, charlas, etc.<\/p>\n\n\n\n<div class=\"wp-block-columns is-layout-flex wp-container-core-columns-is-layout-28f84493 wp-block-columns-is-layout-flex\">\n<div class=\"wp-block-column is-layout-flow wp-block-column-is-layout-flow\" style=\"flex-basis:33.33%\">\n<figure class=\"wp-block-image size-full is-resized\"><img loading=\"lazy\" decoding=\"async\" width=\"591\" height=\"591\" src=\"https:\/\/15rustfestguada.es\/wp-content\/uploads\/2024\/05\/logo-PNG-pequeno.png\" alt=\"\" class=\"wp-image-116\" style=\"width:231px;height:auto\" srcset=\"https:\/\/15rustfestguada.es\/wp-content\/uploads\/2024\/05\/logo-PNG-pequeno.png 591w, https:\/\/15rustfestguada.es\/wp-content\/uploads\/2024\/05\/logo-PNG-pequeno-300x300.png 300w, https:\/\/15rustfestguada.es\/wp-content\/uploads\/2024\/05\/logo-PNG-pequeno-150x150.png 150w\" sizes=\"auto, (max-width: 591px) 100vw, 591px\" \/><\/figure>\n<\/div>\n\n\n\n<div class=\"wp-block-column is-layout-flow wp-block-column-is-layout-flow\" style=\"flex-basis:66.66%\">\n<p>Y gracias a la Asociaci\u00f3n Cultural Festival Panor\u00e1mico Musical, que en colaboraci\u00f3n con LaPlayadeNeil.net nos traen a la ciudad este peque\u00f1o gran homenaje a la figura del m\u00fasico canadiense m\u00e1s reconocido, Neil Young.<\/p>\n<\/div>\n<\/div>\n\n\n\n<div class=\"wp-block-columns is-layout-flex wp-container-core-columns-is-layout-28f84493 wp-block-columns-is-layout-flex\">\n<div class=\"wp-block-column is-layout-flow wp-block-column-is-layout-flow\">\n<div class=\"wp-block-buttons is-content-justification-center is-layout-flex wp-container-core-buttons-is-layout-a89b3969 wp-block-buttons-is-layout-flex\">\n<div class=\"wp-block-button\"><a class=\"wp-block-button__link wp-element-button\" href=\"https:\/\/15rustfestguada.es\/\">Volver a inicio<\/a><\/div>\n<\/div>\n<\/div>\n\n\n\n<div class=\"wp-block-column is-layout-flow wp-block-column-is-layout-flow\">\n<div class=\"wp-block-buttons is-content-justification-center is-layout-flex wp-container-core-buttons-is-layout-a89b3969 wp-block-buttons-is-layout-flex\">\n<div class=\"wp-block-button\"><a class=\"wp-block-button__link wp-element-button\" href=\"https:\/\/15rustfestguada.es\/?page_id=45\">Cartel  Rust Fest 2024<\/a><\/div>\n<\/div>\n<\/div>\n<\/div>\n\n\n\n<p><\/p>\n\n\n\n<div class=\"wp-block-group alignfull has-accent-5-background-color has-background has-global-padding is-layout-constrained wp-container-core-group-is-layout-d89aad35 wp-block-group-is-layout-constrained\" style=\"margin-top:0;margin-bottom:0;padding-top:var(--wp--preset--spacing--50);padding-right:var(--wp--preset--spacing--50);padding-bottom:var(--wp--preset--spacing--50);padding-left:var(--wp--preset--spacing--50)\">\n<h3 class=\"wp-block-heading has-text-align-center\">si necesitas hospedarte en guadalajara<\/h3>\n\n\n\n<p><\/p>\n\n\n\n<p class=\"has-text-align-center\">Consulta las ofertas que nos hace el c\u00e9ntrico <strong>Hotel Espa\u00f1a<\/strong>, comentando al reservar que es para el <strong>RustFest2024<\/strong><\/p>\n\n\n\n<p class=\"has-text-align-center\"><a href=\"mailto:info@hotelespanaguadalajara.es\">info@hotelespanaguadalajara.es<\/a>  \/  949 211 303<\/p>\n\n\n\n<div class=\"wp-block-buttons is-content-justification-center is-layout-flex wp-container-core-buttons-is-layout-a89b3969 wp-block-buttons-is-layout-flex\">\n<div class=\"wp-block-button\"><a class=\"wp-block-button__link wp-element-button\" href=\"http:\/\/hotelespanaguadalajara.es\/\" target=\"_blank\" rel=\"noreferrer noopener\">Hotel Espa\u00f1a (Guadalajara)<\/a><\/div>\n<\/div>\n\n\n\n<div class=\"wp-block-columns alignwide is-layout-flex wp-container-core-columns-is-layout-1da03c2a wp-block-columns-is-layout-flex\">\n<div class=\"wp-block-column is-vertically-aligned-center is-layout-flow wp-block-column-is-layout-flow\" style=\"flex-basis:60%\">\n<figure class=\"wp-block-image aligncenter size-full is-resized is-style-rounded wp-duotone-unset-1\"><img loading=\"lazy\" decoding=\"async\" width=\"1130\" height=\"900\" src=\"https:\/\/15rustfestguada.es\/wp-content\/uploads\/2024\/05\/hotelEspana.jpg\" alt=\"\" class=\"wp-image-102\" style=\"aspect-ratio:1.3333333333333333;object-fit:cover;width:549px;height:auto\" srcset=\"https:\/\/15rustfestguada.es\/wp-content\/uploads\/2024\/05\/hotelEspana.jpg 1130w, https:\/\/15rustfestguada.es\/wp-content\/uploads\/2024\/05\/hotelEspana-300x239.jpg 300w, https:\/\/15rustfestguada.es\/wp-content\/uploads\/2024\/05\/hotelEspana-1024x816.jpg 1024w, https:\/\/15rustfestguada.es\/wp-content\/uploads\/2024\/05\/hotelEspana-768x612.jpg 768w\" sizes=\"auto, (max-width: 1130px) 100vw, 1130px\" \/><\/figure>\n<\/div>\n\n\n\n<div class=\"wp-block-column is-vertically-aligned-center is-layout-flow wp-block-column-is-layout-flow\" style=\"flex-basis:40%\">\n<figure class=\"wp-block-table aligncenter\"><table><tbody><tr><td class=\"has-text-align-center\" data-align=\"center\">INDIVIDUAL<\/td><td class=\"has-text-align-center\" data-align=\"center\">Sin desayuno<\/td><td class=\"has-text-align-center\" data-align=\"center\">40 \u20ac<\/td><\/tr><tr><td class=\"has-text-align-center\" data-align=\"center\">INDIVIDUAL<\/td><td class=\"has-text-align-center\" data-align=\"center\">Con desayuno<\/td><td class=\"has-text-align-center\" data-align=\"center\">45 \u20ac<\/td><\/tr><tr><td class=\"has-text-align-center\" data-align=\"center\">DOBLE<\/td><td class=\"has-text-align-center\" data-align=\"center\">Sin desayuno<\/td><td class=\"has-text-align-center\" data-align=\"center\">50 \u20ac<\/td><\/tr><tr><td class=\"has-text-align-center\" data-align=\"center\">DOBLE<\/td><td class=\"has-text-align-center\" data-align=\"center\">Con desayuno<\/td><td class=\"has-text-align-center\" data-align=\"center\">60 \u20ac<\/td><\/tr><tr><td class=\"has-text-align-center\" data-align=\"center\">TRIPLE<\/td><td class=\"has-text-align-center\" data-align=\"center\">Sin desayuno<\/td><td class=\"has-text-align-center\" data-align=\"center\">55 \u20ac<\/td><\/tr><tr><td class=\"has-text-align-center\" data-align=\"center\">TRIPLE<\/td><td class=\"has-text-align-center\" data-align=\"center\">Con desayuno<\/td><td class=\"has-text-align-center\" data-align=\"center\">65 \u20ac<\/td><\/tr><\/tbody><\/table><\/figure>\n<\/div>\n<\/div>\n<\/div>\n\n\n\n<div class=\"wp-block-buttons is-content-justification-center is-layout-flex wp-container-core-buttons-is-layout-a89b3969 wp-block-buttons-is-layout-flex\">\n<div class=\"wp-block-button\"><a class=\"wp-block-button__link wp-element-button\" href=\"http:\/\/15rustfestguada.es\/?page_id=193\">Camisetas y bolsas del Festival<\/a><\/div>\n<\/div>\n\n\n\n<figure class=\"wp-block-image size-full wp-duotone-purple-green\"><img loading=\"lazy\" decoding=\"async\" width=\"2560\" height=\"1344\" src=\"https:\/\/15rustfestguada.es\/wp-content\/uploads\/2024\/02\/Neil_Young_@Luzzz0907-scaled.jpg\" alt=\"\" class=\"wp-image-70\" style=\"object-fit:cover\" srcset=\"https:\/\/15rustfestguada.es\/wp-content\/uploads\/2024\/02\/Neil_Young_@Luzzz0907-scaled.jpg 2560w, https:\/\/15rustfestguada.es\/wp-content\/uploads\/2024\/02\/Neil_Young_@Luzzz0907-300x158.jpg 300w, https:\/\/15rustfestguada.es\/wp-content\/uploads\/2024\/02\/Neil_Young_@Luzzz0907-1024x538.jpg 1024w, https:\/\/15rustfestguada.es\/wp-content\/uploads\/2024\/02\/Neil_Young_@Luzzz0907-768x403.jpg 768w, https:\/\/15rustfestguada.es\/wp-content\/uploads\/2024\/02\/Neil_Young_@Luzzz0907-1536x806.jpg 1536w, https:\/\/15rustfestguada.es\/wp-content\/uploads\/2024\/02\/Neil_Young_@Luzzz0907-2048x1075.jpg 2048w\" sizes=\"auto, (max-width: 2560px) 100vw, 2560px\" \/><\/figure>\n\n\n\n<p>Ilustraci\u00f3n: <a href=\"https:\/\/www.instagram.com\/luzzz_0907\/\" data-type=\"link\" data-id=\"https:\/\/www.instagram.com\/luzzz_0907\/\">@Luzzz_0907<\/a><\/p>\n","protected":false},"excerpt":{"rendered":"<p>El&nbsp;Rust Fest&nbsp;es una iniciativa promovida desde el blog&nbsp;En la Playa de Neil. Es el referente en la red de los aficionados y seguidores espa\u00f1oles de uno de los iconos y leyendas de la Historia viva del Rock and Roll, el canadiense&nbsp;Neil Young, cuya carrera musical es internacionalmente reconocida como una de la m\u00e1s brillante e [&hellip;]<\/p>\n","protected":false},"author":1,"featured_media":0,"parent":0,"menu_order":0,"comment_status":"closed","ping_status":"closed","template":"","meta":{"footnotes":""},"class_list":["post-50","page","type-page","status-publish","hentry"],"_links":{"self":[{"href":"https:\/\/15rustfestguada.es\/index.php?rest_route=\/wp\/v2\/pages\/50","targetHints":{"allow":["GET"]}}],"collection":[{"href":"https:\/\/15rustfestguada.es\/index.php?rest_route=\/wp\/v2\/pages"}],"about":[{"href":"https:\/\/15rustfestguada.es\/index.php?rest_route=\/wp\/v2\/types\/page"}],"author":[{"embeddable":true,"href":"https:\/\/15rustfestguada.es\/index.php?rest_route=\/wp\/v2\/users\/1"}],"replies":[{"embeddable":true,"href":"https:\/\/15rustfestguada.es\/index.php?rest_route=%2Fwp%2Fv2%2Fcomments&post=50"}],"version-history":[{"count":8,"href":"https:\/\/15rustfestguada.es\/index.php?rest_route=\/wp\/v2\/pages\/50\/revisions"}],"predecessor-version":[{"id":204,"href":"https:\/\/15rustfestguada.es\/index.php?rest_route=\/wp\/v2\/pages\/50\/revisions\/204"}],"wp:attachment":[{"href":"https:\/\/15rustfestguada.es\/index.php?rest_route=%2Fwp%2Fv2%2Fmedia&parent=50"}],"curies":[{"name":"wp","href":"https:\/\/api.w.org\/{rel}","templated":true}]}}